{"id":7175,"date":"2018-08-16T15:43:46","date_gmt":"2018-08-16T15:43:46","guid":{"rendered":"https:\/\/www.athens-walks.com\/?page_id=7175"},"modified":"2018-09-10T10:50:50","modified_gmt":"2018-09-10T10:50:50","slug":"about-athens-walks","status":"publish","type":"page","link":"https:\/\/www.athens-walks.com\/es\/about-athens-walks\/","title":{"rendered":"Sobre Athens Walks"},"content":{"rendered":"<p>[vc_row css=\u00bb.vc_custom_1510667143981{padding-top: 60px !important;padding-bottom: 20px !important;}\u00bb el_id=\u00bbabout_aw\u00bb][vc_column]<div class=\"mkdf-section-title-holder  \" style=\"text-align: left\">\n\t<div class=\"mkdf-st-inner\">\n\t\t\t\t\t\t\t<h3 class=\"mkdf-st-title\" >\n\t\t\t\tAthens Walks\t\t\t<\/h3>\n\t\t\t\t\t<\/div>\n<\/div>[vc_column_text]<\/p>\n<p>Nuestra prioridad en Athens Walks es brindarle nuestra experiencia a trav\u00e9s de nuestros tours en Atenas. No nos enfocamos solamente en los conocimientos que podr\u00e1 encontrar en los libros, sino que vamos m\u00e1s all\u00e1. Esa informaci\u00f3n podr\u00eda encontrarla en cualquier enciclopedia. Nuestro objetivo es darle la posibilidad de que pueda experimentar la cultura griega y que pueda conocer Atenas, no solamente como un destino tur\u00edstico, sino tambi\u00e9n su estilo de vida, cultura y que pueda sumergirse en el quehacer cotidiano de los griegos, conociendo as\u00ed m\u00e1s profundamente Atenas, a trav\u00e9s de un gu\u00eda local.<\/p>\n<p>Recorreremos lugares escondidos de la ciudad, donde van los locales, donde usted podr\u00e1 disfrutar de la verdadera Atenas con miles de a\u00f1os de historia, la interminable variedad de restaurantes y de tiendas locales, sus largas costas o verdes colinas, en el centro de la ciudad. Elija su recorrido y tomaremos la responsabilidad de ense\u00f1arle porque Atenas es tan especial. La hospitalidad y la pasi\u00f3n de sus ciudadanos, la cultura, la tradici\u00f3n y su historia.<\/p>\n<p>[\/vc_column_text][\/vc_column][\/vc_row][vc_row css=\u00bb.vc_custom_1510665538130{margin-top: 20px !important;margin-bottom: 20px !important;}\u00bb][vc_column]<div class=\"mkdf-section-title-holder  \" style=\"text-align: left\">\n\t<div class=\"mkdf-st-inner\">\n\t\t\t\t\t\t\t<h4 class=\"mkdf-st-title\" >\n\t\t\t\tNuestro Equipo\t\t\t<\/h4>\n\t\t\t\t\t<\/div>\n<\/div>[vc_column_text]<\/p>\n<p>Nuestros gu\u00edas han sido contratados con un objetivo espec\u00edfico. Cada tour es como si fuera el primero, cada tour es una oportunidad para nosotros para hacer nuevos amigos, para disfrutar de la ciudad como si fuera la primera vez.<\/p>\n<p>En Athens Walks, nuestro principal inter\u00e9s es gente que ama este trabajo, que tiene pasi\u00f3n por la historia, naturaleza y cocina. La impresi\u00f3n que usted se llevara una vez terminado el tour va a ser como si hubiera realizado un tour con una persona que conoce desde siempre. Hospitalidad, orgullo y pasi\u00f3n son caracter\u00edsticos en nuestro equipo. Nuestros gu\u00edas licenciados garantizan que usted disfrutara de nuestros itinerarios y conocer\u00e1 los lugares m\u00e1s importantes por los cuales Atenas es famosa.<\/p>\n<p>[\/vc_column_text][\/vc_column][\/vc_row][vc_row css=\u00bb.vc_custom_1510666912736{margin-top: 60px !important;margin-bottom: 20px !important;}\u00bb el_id=\u00bbtravel_agencies\u00bb][vc_column width=\u00bb1\/3&#8243;][vc_single_image image=\u00bb6664&#8243; img_size=\u00bbfull\u00bb alignment=\u00bbcenter\u00bb onclick=\u00bbcustom_link\u00bb img_link_target=\u00bb_blank\u00bb link=\u00bbhttps:\/\/www.tripadvisor.co.uk\/Attraction_Review-g189400-d3190873-Reviews-Athens_Walks_Tour_Company-Athens_Attica.html\u00bb][\/vc_column][vc_column width=\u00bb1\/3&#8243;][vc_single_image image=\u00bb6665&#8243; img_size=\u00bbfull\u00bb alignment=\u00bbcenter\u00bb onclick=\u00bbcustom_link\u00bb img_link_target=\u00bb_blank\u00bb link=\u00bbhttps:\/\/www.viator.com\/Athens-tours\/Walking-and-Biking-Tours\/d496-g16&#8243;][\/vc_column][vc_column width=\u00bb1\/3&#8243;][vc_single_image image=\u00bb6663&#8243; img_size=\u00bbfull\u00bb alignment=\u00bbcenter\u00bb onclick=\u00bbcustom_link\u00bb img_link_target=\u00bb_blank\u00bb link=\u00bbhttps:\/\/www.getyourguide.com\/athens-walks-tour-company-s6242\/\u00bb][\/vc_column][\/vc_row][vc_row css=\u00bb.vc_custom_1510667028423{padding-top: 40px !important;padding-bottom: 60px !important;}\u00bb el_id=\u00bbwhy_aw\u00bb][vc_column width=\u00bb2\/3&#8243;][vc_row_inner][vc_column_inner][vc_column_text]<\/p>\n<h4>Por Que Reservar Con Athens Walks<\/h4>\n<p>Una de nuestras mayores ventajas es la capacidad de ofrecer tours totalmente adaptados a las necesidades individuales de cada cliente. Adem\u00e1s de los recorridos hist\u00f3ricos, gastron\u00f3micos y a pie por la naturaleza, ofrecemos recorridos en bicicleta por la costa, como as\u00ed excursiones en ferries. Athens Walks ofrece tours totalmente personalizados, los mismos pueden abordar las necesidades familiares, de parejas, viajeros mayores y con movilidad limitada o reducida.<\/p>\n<p>En lo que realmente nos diferenciamos, es en el amor que realmente tenemos por nuestro trabajo, ya que lo que hacemos es nuestro sue\u00f1o, todos compartimos los mismos valores, nos encanta viajar, conocer nuevas culturas, y ajustamos nuestra experiencia con cualquier oportunidad nueva que nos permita aprender a\u00f1o tras a\u00f1o, logrando as\u00ed un cumulo de experiencia invaluable, la cual queremos compartir con usted.<\/p>\n<p>Nuestra inspiraci\u00f3n? <strong>Ustedes, nuestros invitados.<\/strong><\/p>\n<p>[\/vc_column_text][\/vc_column_inner][vc_column_inner offset=\u00bbvc_hidden-md vc_hidden-sm vc_hidden-xs\u00bb][vc_column_text]<\/p>\n<h4>Por que ofrecemos el mejor precio!<\/h4>\n<p>Ver los monumentos de la Acr\u00f3polis y el museo de la Acr\u00f3polis en el mismo d\u00eda, es una necesidad. Es la mejor manera de poder conocer y comprender la historia de los monumentos y darse cuenta de la importancia de los mismos. Nuestro tour gastron\u00f3mico tiene la mejor calidad de productos, los cuales est\u00e1n incluidos en la mejor relaci\u00f3n precio calidad, y todo esto con un gu\u00eda privado. Tambi\u00e9n ofrecemos tours grupales con tarifas aun mejores, seg\u00fan disponibilidad.<\/p>\n<h4>Porque tenemos el mejor grupo de gu\u00edas tur\u00edsticos!<\/h4>\n<p>Nuestros gu\u00edas tienen a\u00f1os de experiencia. Aman su labor y el objetivo de nuestro equipo es ofrecer un tour memorable en Atenas. Hemos creado lo que hemos llamado un grupo de gu\u00edas de ensue\u00f1o, para poder ofrecerle un conocimiento profundo de la historia y de la cultura y las diferentes tem\u00e1ticas de Grecia, queremos que empiece su tour con un gu\u00eda tur\u00edstico y con el transcurso de los minutos pueda terminar el mismo con un amigo. Los gu\u00edas son capaces de adaptarse a diferentes edades y est\u00e1n enfocados en complacer a familias con ni\u00f1os, quienes a menudo encuentran la historia un poco compleja.<\/p>\n<p>[\/vc_column_text][\/vc_column_inner][\/vc_row_inner][\/vc_column][vc_column width=\u00bb1\/3&#8243; css=\u00bb.vc_custom_1510666249162{padding-top: 20px !important;}\u00bb][vc_single_image image=\u00bb7122&#8243; img_size=\u00bbfull\u00bb][\/vc_column][vc_column offset=\u00bbvc_hidden-lg\u00bb][vc_column_text]<\/p>\n<h4>Por que ofrecemos el mejor precio!<\/h4>\n<p>Ver los monumentos de la Acr\u00f3polis y el museo de la Acr\u00f3polis en el mismo d\u00eda, es una necesidad. Es la mejor manera de poder conocer y comprender la historia de los monumentos y darse cuenta de la importancia de los mismos. Nuestro tour gastron\u00f3mico tiene la mejor calidad de productos, los cuales est\u00e1n incluidos en la mejor relaci\u00f3n precio calidad, y todo esto con un gu\u00eda privado. Tambi\u00e9n ofrecemos tours grupales con tarifas aun mejores, seg\u00fan disponibilidad.<\/p>\n<h4>Porque tenemos el mejor grupo de gu\u00edas tur\u00edsticos!<\/h4>\n<p>Nuestros gu\u00edas tienen a\u00f1os de experiencia. Aman su labor y el objetivo de nuestro equipo es ofrecer un tour memorable en Atenas. Hemos creado lo que hemos llamado un grupo de gu\u00edas de ensue\u00f1o, para poder ofrecerle un conocimiento profundo de la historia y de la cultura y las diferentes tem\u00e1ticas de Grecia, queremos que empiece su tour con un gu\u00eda tur\u00edstico y con el transcurso de los minutos pueda terminar el mismo con un amigo. Los gu\u00edas son capaces de adaptarse a diferentes edades y est\u00e1n enfocados en complacer a familias con ni\u00f1os, quienes a menudo encuentran la historia un poco compleja.<\/p>\n<p>[\/vc_column_text][\/vc_column][\/vc_row]<\/p>\n","protected":false},"excerpt":{"rendered":"<p>[vc_row css=\u00bb.vc_custom_1510667143981{padding-top: 60px !important;padding-bottom: 20px !important;}\u00bb el_id=\u00bbabout_aw\u00bb][vc_column][vc_column_text] Nuestra prioridad en Athens Walks es brindarle nuestra experiencia a trav\u00e9s de nuestros tours en Atenas. No nos enfocamos solamente en los conocimientos que podr\u00e1 encontrar en los libros, sino que vamos m\u00e1s all\u00e1. Esa informaci\u00f3n podr\u00eda encontrarla en cualquier enciclopedia. Nuestro objetivo es darle la posibilidad de que pueda experimentar la cultura griega y que pueda conocer Atenas, no solamente como un destino tur\u00edstico, sino tambi\u00e9n su estilo de vida, cultura y [&hellip;]<\/p>\n","protected":false},"author":1,"featured_media":7205,"parent":0,"menu_order":0,"comment_status":"closed","ping_status":"closed","template":"","meta":[],"yst_prominent_words":[385,299,268,612,616,624,628,626,618,614,611,615,623,625,630,610,629,300,617,613,627],"_links":{"self":[{"href":"https:\/\/www.athens-walks.com\/es\/wp-json\/wp\/v2\/pages\/7175\/"}],"collection":[{"href":"https:\/\/www.athens-walks.com\/es\/wp-json\/wp\/v2\/pages\/"}],"about":[{"href":"https:\/\/www.athens-walks.com\/es\/wp-json\/wp\/v2\/types\/page\/"}],"author":[{"embeddable":true,"href":"https:\/\/www.athens-walks.com\/es\/wp-json\/wp\/v2\/users\/1\/"}],"replies":[{"embeddable":true,"href":"https:\/\/www.athens-walks.com\/es\/wp-json\/wp\/v2\/comments\/?post=7175"}],"version-history":[{"count":2,"href":"https:\/\/www.athens-walks.com\/es\/wp-json\/wp\/v2\/pages\/7175\/revisions\/"}],"predecessor-version":[{"id":7254,"href":"https:\/\/www.athens-walks.com\/es\/wp-json\/wp\/v2\/pages\/7175\/revisions\/7254\/"}],"wp:featuredmedia":[{"embeddable":true,"href":"https:\/\/www.athens-walks.com\/es\/wp-json\/wp\/v2\/media\/7205\/"}],"wp:attachment":[{"href":"https:\/\/www.athens-walks.com\/es\/wp-json\/wp\/v2\/media\/?parent=7175"}],"wp:term":[{"taxonomy":"yst_prominent_words","embeddable":true,"href":"https:\/\/www.athens-walks.com\/es\/wp-json\/wp\/v2\/yst_prominent_words\/?post=7175"}],"curies":[{"name":"wp","href":"https:\/\/api.w.org\/{rel}","templated":true}]}}